{"id":32,"date":"2014-07-04T11:22:17","date_gmt":"2014-07-04T11:22:17","guid":{"rendered":"http:\/\/laurafavennec.org.tf\/?page_id=32"},"modified":"2018-09-12T14:33:53","modified_gmt":"2018-09-12T13:33:53","slug":"about-me","status":"publish","type":"page","link":"https:\/\/lauracarlu.org.tf\/?page_id=32","title":{"rendered":"A propos"},"content":{"rendered":"<p><em><strong><img loading=\"lazy\" decoding=\"async\" class=\"wp-image-696 alignleft\" src=\"http:\/\/lauracarlu.org.tf\/wp-content\/uploads\/2018\/09\/polaroid.jpg\" alt=\"\" width=\"219\" height=\"286\" \/><\/strong><\/em><\/p>\n<p><em><strong>Laura Carlu Favennec &#8211; Relieur et art<\/strong><\/em><em><strong>iste<\/strong><\/em><\/p>\n<p>Petite je me r\u00e9fugiais derri\u00e8re mes livres, j&rsquo;ai toujours ador\u00e9 qu&rsquo;on me raconte des histoires. Aujourd&rsquo;hui je fabrique mes propres livres, et l&rsquo;Art est pour moi un moyen de raconter une aventure, de transmettre une sensation, un r\u00eave ou un cauchemar. Mon travail passe par la mati\u00e8re, le toucher quand je fabrique un objet-livre, et par l&rsquo;image.<\/p>\n<blockquote><p><strong>Mon parcours :<\/strong><\/p>\n<p>&nbsp;<\/p>\n<p>2005 &#8211; Bac STI Arts Appliqu\u00e9s avec mention au lyc\u00e9e Loritz \u00e0 Nancy<\/p>\n<p>2008 &#8211; Dipl\u00f4me National d&rsquo;Art Plastique \u00e0 l&rsquo;\u00e9cole des Beaux-Arts de Lyon (section Art)<\/p>\n<p>2010 &#8211; Dipl\u00f4me des M\u00e9tiers d&rsquo;Art avec mention (section Reliure &#8211; Dorure) \u00e0 l&rsquo;\u00e9cole Estienne \u00e0 Paris<\/p>\n<p>2010 &#8211; Certificat d&rsquo;Aptitude Professionnel (Art de la reliure) en candidat libre<\/p>\n<p>2011 &#8211; Licence de Management des Organisations (Option Entreprenariat, Reprise et Cr\u00e9ation d&rsquo;Entreprise dans le domaine des M\u00e9tiers d&rsquo;Art) en collaboration avec les ateliers de Paris<\/p>\n<p>2011 &#8211; Cr\u00e9ation de l&rsquo;<a href=\"http:\/\/www.livrasphere.com\/\"><em>Atelier Livrasph\u00e8re<\/em><\/a><\/p>\n<p>2014 &#8211; Co-cr\u00e9atrice du <a href=\"http:\/\/www.affranchis.fr\/\"><em>Collectif des Affranchis<\/em><\/a> (Association pour la promotion des artisans d&rsquo;Art et des artistes \u00e0 Fontenay-aux-Roses)<\/p>\n<p>2016 &#8211; Co-cr\u00e9atrice du <em>Collectif Pose Longue<\/em> (Association de photographes)<\/p><\/blockquote>\n<p>Je continue aujourd&rsquo;hui \u00e0 faire \u00e9voluer mon travail personnel, tout en continuant mes activit\u00e9s de relieur.<\/p>\n<p>N&rsquo;h\u00e9sitez pas \u00e0 me contacter si vous \u00eates int\u00e9ress\u00e9s.<\/p>\n","protected":false},"excerpt":{"rendered":"<p>Laura Carlu Favennec &#8211; Relieur et artiste Petite je me r\u00e9fugiais derri\u00e8re mes livres, j&rsquo;ai toujours ador\u00e9 qu&rsquo;on me raconte des histoires. Aujourd&rsquo;hui je fabrique mes propres livres, et l&rsquo;Art est pour moi un moyen de raconter une aventure, de transmettre une sensation, un r\u00eave ou un cauchemar. Mon travail passe par la mati\u00e8re, le &hellip; <a href=\"https:\/\/lauracarlu.org.tf\/?page_id=32\" class=\"more-link\">Continuer la lecture de <span class=\"screen-reader-text\">A propos<\/span>  <span class=\"meta-nav\">&rarr;<\/span><\/a><\/p>\n","protected":false},"author":1,"featured_media":0,"parent":0,"menu_order":0,"comment_status":"closed","ping_status":"open","template":"","meta":{"footnotes":""},"class_list":["post-32","page","type-page","status-publish","hentry"],"_links":{"self":[{"href":"https:\/\/lauracarlu.org.tf\/index.php?rest_route=\/wp\/v2\/pages\/32","targetHints":{"allow":["GET"]}}],"collection":[{"href":"https:\/\/lauracarlu.org.tf\/index.php?rest_route=\/wp\/v2\/pages"}],"about":[{"href":"https:\/\/lauracarlu.org.tf\/index.php?rest_route=\/wp\/v2\/types\/page"}],"author":[{"embeddable":true,"href":"https:\/\/lauracarlu.org.tf\/index.php?rest_route=\/wp\/v2\/users\/1"}],"replies":[{"embeddable":true,"href":"https:\/\/lauracarlu.org.tf\/index.php?rest_route=%2Fwp%2Fv2%2Fcomments&post=32"}],"version-history":[{"count":9,"href":"https:\/\/lauracarlu.org.tf\/index.php?rest_route=\/wp\/v2\/pages\/32\/revisions"}],"predecessor-version":[{"id":698,"href":"https:\/\/lauracarlu.org.tf\/index.php?rest_route=\/wp\/v2\/pages\/32\/revisions\/698"}],"wp:attachment":[{"href":"https:\/\/lauracarlu.org.tf\/index.php?rest_route=%2Fwp%2Fv2%2Fmedia&parent=32"}],"curies":[{"name":"wp","href":"https:\/\/api.w.org\/{rel}","templated":true}]}}